{"id":27799,"date":"2024-03-12T17:35:41","date_gmt":"2024-03-12T17:35:41","guid":{"rendered":"https:\/\/www.maslak-trade.si\/testerji-elektricnih-velicin-copy\/"},"modified":"2025-11-17T08:19:30","modified_gmt":"2025-11-17T08:19:30","slug":"piskotki","status":"publish","type":"page","link":"https:\/\/www.playgreen.eu\/en\/piskotki\/","title":{"rendered":"Cookies"},"content":{"rendered":"<div data-elementor-type=\"wp-page\" data-elementor-id=\"27799\" class=\"elementor elementor-27799\" data-elementor-post-type=\"page\">\n\t\t\t\t\t\t<section class=\"elementor-section elementor-top-section elementor-element elementor-element-cd743ce elementor-section-boxed elementor-section-height-default elementor-section-height-default\" data-id=\"cd743ce\" data-element_type=\"section\" data-settings=\"{&quot;jet_parallax_layout_list&quot;:[{&quot;_id&quot;:&quot;792c3cc&quot;,&quot;jet_parallax_layout_image&quot;:{&quot;url&quot;:&quot;&quot;,&quot;id&quot;:&quot;&quot;,&quot;size&quot;:&quot;&quot;},&quot;jet_parallax_layout_image_tablet&quot;:{&quot;url&quot;:&quot;&quot;,&quot;id&quot;:&quot;&quot;,&quot;size&quot;:&quot;&quot;},&quot;jet_parallax_layout_image_mobile&quot;:{&quot;url&quot;:&quot;&quot;,&quot;id&quot;:&quot;&quot;,&quot;size&quot;:&quot;&quot;},&quot;jet_parallax_layout_speed&quot;:{&quot;unit&quot;:&quot;%&quot;,&quot;size&quot;:50,&quot;sizes&quot;:[]},&quot;jet_parallax_layout_type&quot;:&quot;scroll&quot;,&quot;jet_parallax_layout_direction&quot;:null,&quot;jet_parallax_layout_fx_direction&quot;:null,&quot;jet_parallax_layout_z_index&quot;:&quot;&quot;,&quot;jet_parallax_layout_bg_x&quot;:50,&quot;jet_parallax_layout_bg_x_tablet&quot;:&quot;&quot;,&quot;jet_parallax_layout_bg_x_mobile&quot;:&quot;&quot;,&quot;jet_parallax_layout_bg_y&quot;:50,&quot;jet_parallax_layout_bg_y_tablet&quot;:&quot;&quot;,&quot;jet_parallax_layout_bg_y_mobile&quot;:&quot;&quot;,&quot;jet_parallax_layout_bg_size&quot;:&quot;auto&quot;,&quot;jet_parallax_layout_bg_size_tablet&quot;:&quot;&quot;,&quot;jet_parallax_layout_bg_size_mobile&quot;:&quot;&quot;,&quot;jet_parallax_layout_animation_prop&quot;:&quot;transform&quot;,&quot;jet_parallax_layout_on&quot;:[&quot;desktop&quot;,&quot;tablet&quot;]}]}\">\n\t\t\t\t\t\t\t<div class=\"elementor-background-overlay\"><\/div>\n\t\t\t\t\t\t\t<div class=\"elementor-container elementor-column-gap-default\">\n\t\t\t\t\t<div class=\"elementor-column elementor-col-100 elementor-top-column elementor-element elementor-element-11c44a9\" data-id=\"11c44a9\" data-element_type=\"column\">\n\t\t\t<div class=\"elementor-widget-wrap elementor-element-populated\">\n\t\t\t\t\t\t<div class=\"elementor-element elementor-element-fa32a85 elementor-widget elementor-widget-heading\" data-id=\"fa32a85\" data-element_type=\"widget\" data-widget_type=\"heading.default\">\n\t\t\t\t<div class=\"elementor-widget-container\">\n\t\t\t<h1 class=\"elementor-heading-title elementor-size-default\">Cookies<\/h1>\t\t<\/div>\n\t\t\t\t<\/div>\n\t\t\t\t<div class=\"elementor-element elementor-element-58d3701 elementor-widget elementor-widget-text-editor\" data-id=\"58d3701\" data-element_type=\"widget\" data-widget_type=\"text-editor.default\">\n\t\t\t\t<div class=\"elementor-widget-container\">\n\t\t\t\t\t\t\t<div class=\"row\"><div class=\"col-md-5 col-sm-12\"><div class=\"upper-text\"><div class=\"elementor-element elementor-element-57d9c0c elementor-widget elementor-widget-text-editor\" data-id=\"57d9c0c\" data-element_type=\"widget\" data-widget_type=\"text-editor.default\"><div class=\"elementor-widget-container\"><div class=\"elementor-element elementor-element-759f69a elementor-widget elementor-widget-text-editor\" data-id=\"759f69a\" data-element_type=\"widget\" data-widget_type=\"text-editor.default\"><div class=\"elementor-widget-container\"><p>Cookies are text files placed on your computer by a web server. Cookies do not contain any data that could be used to identify you personally. They allow the server to recognize that you have returned to the website, which can be used to customize the site to improve your user experience.<\/p><p>Most browsers accept cookies automatically. If you prefer not to accept them, or if you wish to be notified before a cookie is stored on your computer, you can adjust your browser settings accordingly.<\/p><p>Advertising cookies track a user\u2019s activity on the provider\u2019s website unless the user declines the use of cookies on the site.<\/p><p>The use of cookies in the European Union (EU) is regulated by the Directive on Privacy and Electronic Communications 2002\/58\/EC, as amended by Directive 2009\/136\/EC.<\/p><p>In Slovenian legislation, the use of cookies is governed by the Electronic Communications Act (ZEKom-1) (Official Gazette No. 109\/2012), with Article 157 providing the legal basis for protecting users\u2019 privacy online.<\/p><p>The <b>PLAY GREEN L\u017d D.O.O. <\/b>website uses cookies necessary for the website\u2019s functionality. These cookies do not store personal data but track visitor activity and interests to ensure a better user experience. By using the website, visitors agree to the use of cookies.<\/p><\/div><div class=\"elementor-element elementor-element-9a37bc2 elementor-widget elementor-widget-text-editor\" data-id=\"9a37bc2\" data-element_type=\"widget\" data-widget_type=\"text-editor.default\"><div class=\"elementor-widget-container\"><div class=\"wpb_text_column wpb_content_element\"><div class=\"wpb_wrapper\"><p class=\"plain\"><strong>How to Manage Cookies on Your Computer\u00a0<\/strong><\/p><p>If you wish to disable cookies for our website, follow the steps below:<\/p><\/div><\/div><\/div><\/div><div class=\"elementor-element elementor-element-72b9a36 elementor-widget elementor-widget-text-editor\" data-id=\"72b9a36\" data-element_type=\"widget\" data-widget_type=\"text-editor.default\"><div class=\"elementor-widget-container\"><div class=\"wpb_text_column wpb_content_element\"><div class=\"wpb_wrapper\"><ol><li><p><strong>Google Chrome:<\/strong><\/p><ul><li>Open Google Chrome.<\/li><li>Click the three dots in the top right corner of the window.<\/li><li>Select \u201cSettings.\u201d<\/li><li>Scroll down and click \u201cAdvanced.\u201d<\/li><li>Under \u201cPrivacy and security,\u201d click \u201cContent settings.\u201d<\/li><li>Select \u201cCookies.\u201d<\/li><li>Toggle the switch to \u201cBlock\u201d to disable cookies.<br \/><br \/><\/li><\/ul><\/li><li><p><strong>Mozilla Firefox:<\/strong><\/p><ul><li>Open Mozilla Firefox.<\/li><li>Click the three lines in the top right corner of the window.<\/li><li>Select \u201cSettings.\u201d<\/li><li>Go to the \u201cPrivacy &amp; Security\u201d section.<\/li><li>Under \u201cHistory,\u201d select \u201cUse custom settings for history.\u201d<\/li><li>Uncheck \u201cAccept cookies from sites\u201d or adjust preferences as desired.<br \/><br \/><\/li><\/ul><\/li><li><p><strong>Microsoft Edge:<\/strong><\/p><ul><li>Open Microsoft Edge.<\/li><li>Click the three dots in the top right corner of the window.<\/li><li>Select \u201cSettings.\u201d<\/li><li>Scroll down and click \u201cView advanced settings.\u201d<\/li><li>Select \u201cPrivacy and services.\u201d<\/li><li>Under \u201cCookies,\u201d choose \u201cBlock all cookies.\u201d<br \/><br \/><\/li><\/ul><\/li><li><p><strong>Apple Safari:<\/strong><\/p><ul><li>Open Safari.<\/li><li>Click \u201cSafari\u201d in the top menu bar.<\/li><li>Select \u201cSettings.\u201d<\/li><li>Click the \u201cPrivacy\u201d tab.<\/li><li>Under \u201cCookies and website data,\u201d choose \u201cAlways block.\u201d<\/li><\/ul><\/li><\/ol><p>After following these steps, cookies will be disabled in the selected browser on your computer.\nPlease note that disabling cookies may affect your browsing experience and the functionality of the website.<\/p><\/div><\/div><\/div><\/div><\/div><\/div><\/div><\/div><\/div><\/div>\t\t\t\t\t\t<\/div>\n\t\t\t\t<\/div>\n\t\t\t\t<div class=\"elementor-element elementor-element-f92fae4 elementor-widget elementor-widget-menu-anchor\" data-id=\"f92fae4\" data-element_type=\"widget\" data-widget_type=\"menu-anchor.default\">\n\t\t\t\t<div class=\"elementor-widget-container\">\n\t\t\t\t\t<div class=\"elementor-menu-anchor\" id=\"onas\"><\/div>\n\t\t\t\t<\/div>\n\t\t\t\t<\/div>\n\t\t\t\t\t<\/div>\n\t\t<\/div>\n\t\t\t\t\t<\/div>\n\t\t<\/section>\n\t\t\t\t<\/div>","protected":false},"excerpt":{"rendered":"<p>Pi\u0161kotki so besedilne datoteke, ki jih na va\u0161 ra\u010dunalnik nalo\u017ei spletni stre\u017enik. Pi\u0161kotki ne vsebujejo nobenih podatkov s katerimi bi lahko ugotovili va\u0161o identiteto. S pomo\u010djo pi\u0161kotkov stre\u017enik ve, da ste se vrnili na spletno stran, kar lahko s pridom izkoristimo za prilagoditev spletnega mesta uporabniku. Ve\u010dina brskalnikov pi\u0161kotke samodejno sprejema. \u010ce jih ne \u017eelite [&hellip;]<\/p>","protected":false},"author":1,"featured_media":0,"parent":0,"menu_order":0,"comment_status":"closed","ping_status":"closed","template":"","meta":{"_seopress_robots_primary_cat":"","_seopress_titles_title":"","_seopress_titles_desc":"","_seopress_robots_index":"yes","footnotes":""},"class_list":["post-27799","page","type-page","status-publish","hentry","entry"],"_links":{"self":[{"href":"https:\/\/www.playgreen.eu\/en\/wp-json\/wp\/v2\/pages\/27799"}],"collection":[{"href":"https:\/\/www.playgreen.eu\/en\/wp-json\/wp\/v2\/pages"}],"about":[{"href":"https:\/\/www.playgreen.eu\/en\/wp-json\/wp\/v2\/types\/page"}],"author":[{"embeddable":true,"href":"https:\/\/www.playgreen.eu\/en\/wp-json\/wp\/v2\/users\/1"}],"replies":[{"embeddable":true,"href":"https:\/\/www.playgreen.eu\/en\/wp-json\/wp\/v2\/comments?post=27799"}],"version-history":[{"count":0,"href":"https:\/\/www.playgreen.eu\/en\/wp-json\/wp\/v2\/pages\/27799\/revisions"}],"wp:attachment":[{"href":"https:\/\/www.playgreen.eu\/en\/wp-json\/wp\/v2\/media?parent=27799"}],"curies":[{"name":"wp","href":"https:\/\/api.w.org\/{rel}","templated":true}]}}